{"id":159627,"date":"2025-01-30T14:01:59","date_gmt":"2025-01-30T13:01:59","guid":{"rendered":"https:\/\/www.hydrauliekservice.nl\/homepage\/product\/bowex-65-fle-pa-flange-o31425-doo2953-z8xo10-5-2\/"},"modified":"2026-04-10T07:44:47","modified_gmt":"2026-04-10T06:44:47","slug":"bowex-65-fle-pa-flange-o31425-doo2953-z8xo10-5-2","status":"publish","type":"product","link":"https:\/\/www.hydrauliekservice.nl\/homepage\/product\/bowex-65-fle-pa-flange-o31425-doo2953-z8xo10-5-2\/","title":{"rendered":"Bowex 65 FLE-PA flange \u00d8314,25 DO=\u00d8295,3 Z=8X\u00d810.5  **"},"content":{"rendered":"","protected":false},"excerpt":{"rendered":"","protected":false},"featured_media":0,"template":"","meta":[],"product_brand":[],"product_cat":[],"product_tag":[1222],"class_list":{"0":"post-159627","1":"product","2":"type-product","3":"status-publish","5":"product_tag-kleppenvent","6":"thunk-woo-product-list","7":"opn-qv-enable","8":"big-store-woo-hover-zoom","9":"open-single-product-tab-horizontal","10":"open-shadow-","11":"open-shadow-hover-","13":"first","14":"instock","15":"sale","16":"taxable","17":"shipping-taxable","18":"purchasable","19":"product-type-simple"},"_links":{"self":[{"href":"https:\/\/www.hydrauliekservice.nl\/homepage\/wp-json\/wp\/v2\/product\/159627","targetHints":{"allow":["GET"]}}],"collection":[{"href":"https:\/\/www.hydrauliekservice.nl\/homepage\/wp-json\/wp\/v2\/product"}],"about":[{"href":"https:\/\/www.hydrauliekservice.nl\/homepage\/wp-json\/wp\/v2\/types\/product"}],"wp:attachment":[{"href":"https:\/\/www.hydrauliekservice.nl\/homepage\/wp-json\/wp\/v2\/media?parent=159627"}],"wp:term":[{"taxonomy":"product_brand","embeddable":true,"href":"https:\/\/www.hydrauliekservice.nl\/homepage\/wp-json\/wp\/v2\/product_brand?post=159627"},{"taxonomy":"product_cat","embeddable":true,"href":"https:\/\/www.hydrauliekservice.nl\/homepage\/wp-json\/wp\/v2\/product_cat?post=159627"},{"taxonomy":"product_tag","embeddable":true,"href":"https:\/\/www.hydrauliekservice.nl\/homepage\/wp-json\/wp\/v2\/product_tag?post=159627"}],"curies":[{"name":"wp","href":"https:\/\/api.w.org\/{rel}","templated":true}]}}